{"id":2339,"date":"2020-01-31T07:52:48","date_gmt":"2020-01-31T07:52:48","guid":{"rendered":"https:\/\/wlt.nl\/?page_id=2339"},"modified":"2020-09-23T11:55:56","modified_gmt":"2020-09-23T11:55:56","slug":"homepage","status":"publish","type":"page","link":"https:\/\/wlt.nl\/de\/","title":{"rendered":"Homepage"},"content":{"rendered":"<section class=\"head-section fullwidth \">\n   <div class=\"head-section-video\">\n      <div class=\"container\">\n         <div class=\"row\">\n            <div class=\"col-12\">\n            <h1 class=\"text-left text-white\">Lieferant von Verladungs- und Absturzsicherungsapparaturen<\/h1>\n            <a class=\"play-btn\" data-fancybox href=\"https:\/\/vimeo.com\/668605387\"><i class=\"fas fa-play\"><\/i><\/a>\n            <\/div>\n         <\/div>\n      <\/div>\n      <iframe loading=\"lazy\" src=\"https:\/\/player.vimeo.com\/video\/668615964?background=1&#038;autoplay=1&#038;loop=1&#038;byline=0&#038;title=0controls=0\" width=\"640\" height=\"360\" frameborder=\"0\" allow=\"autoplay; fullscreen\" webkitallowfullscreen mozallowfullscreen allowfullscreen><\/iframe>\n      <div class=\"iframe-overlay\"><\/div>\n\n      <div class=\"scroll-further scrollfix\"><i class=\"fas fa-chevron-down\"><\/i><\/div>\n   <\/div>\n   <div class=\"head-section-intro container\">\n      <p class=\"lead\"><p>WLT liquid &amp; gas loading technology B.V. ist ein f\u00fchrender Hersteller von Ausr\u00fcstungen f\u00fcr die Verladung von Fl\u00fcssigkeiten und Gasen in und aus Schiffen, Tankwagen, Eisenbahnkesselwaggons und sonstigen (kleineren) Lagereinrichtungen. Um auch die Sicherheit des Bedienungs- und Fahrerpersonals w\u00e4hrend des Verladens auf Tankwagen und Kesselwagen zu gew\u00e4hrleisten, haben wir zudem ein komplettes eigenes Paket an Absturzsicherungssystemen entwickelt.<\/p>\n<\/p>\n   <\/div>\n<\/section>\n\n\n\n<section class=\"fullwidth \">\n    <div class=\"container\" id=\"whoweare\">\n        <div class=\"row d-flex align-items-center\">\n            <div class=\"col-12 col-md-5 col-lg-6\">\n                                <img decoding=\"async\" src=\"https:\/\/wlt.nl\/wp-content\/uploads\/cached_images\/500x500\/2019\/10\/wlt-werkplaats-1.jpg\" alt=\"\" class=\"w-100\">\n            <\/div>\n            <div class=\"col-12 col-md-7 col-lg-6 py-2\">\n                <div class=\"has-animation animation-ltr display-1\" data-delay=\"50\">\n                    <h1>Unser Service<\/h1><\/div>\n                <h1>Das gesamte Paket unter einem Dach<\/h1>\n                <p>WLT bietet einen kompletten Service rund um Verladungs- und Absturzsicherungsapparaturen an. Wir richten uns nach Ihren W\u00fcnschen und erstellen auf dieser Grundlage einen ma\u00dfgeschneiderten Entwurf. Wir f\u00fchren au\u00dferdem die Produktion, Montage und die Instandhaltung durch. Wir sind dabei akkurat und zuverl\u00e4ssig. Ma\u00dfarbeit, Nachhaltigkeit und Innovation stehen bei uns hoch im Kurs.<\/p>\n                                <a href=\"\"\n                   class=\"btn btn-secondary\">mehr anzeigen<\/a>\n                            <\/div>\n        <\/div>\n    <\/div>\n<\/section>\n","protected":false},"excerpt":{"rendered":"","protected":false},"author":3,"featured_media":0,"parent":0,"menu_order":0,"comment_status":"closed","ping_status":"closed","template":"","meta":{"_acf_changed":false,"_exactmetrics_skip_tracking":false,"_exactmetrics_sitenote_active":false,"_exactmetrics_sitenote_note":"","_exactmetrics_sitenote_category":0,"footnotes":""},"class_list":["post-2339","page","type-page","status-publish","hentry"],"acf":[],"yoast_head":"<!-- This site is optimized with the Yoast SEO plugin v27.3 - https:\/\/yoast.com\/product\/yoast-seo-wordpress\/ -->\n<title>WLT | Lieferant von Verlade- und Absturzsicherungsapparaturen<\/title>\n<meta name=\"description\" content=\"WLT liquid &amp; gas loading technology B.V. ist ein Hersteller von Apparaturen f\u00fcr die Verladung von Fl\u00fcssigkeiten und Gasen von Schiffen, Tankwagen, Eisenbahnkesselwaggons und sonstigen Lagereinrictungen.\" \/>\n<meta name=\"robots\" content=\"index, follow, max-snippet:-1, max-image-preview:large, max-video-preview:-1\" \/>\n<link rel=\"canonical\" href=\"https:\/\/wlt.nl\/de\/\" \/>\n<meta property=\"og:locale\" content=\"de_DE\" \/>\n<meta property=\"og:type\" content=\"article\" \/>\n<meta property=\"og:title\" content=\"WLT | Lieferant von Verlade- und Absturzsicherungsapparaturen\" \/>\n<meta property=\"og:description\" content=\"WLT liquid &amp; gas loading technology B.V. ist ein Hersteller von Apparaturen f\u00fcr die Verladung von Fl\u00fcssigkeiten und Gasen von Schiffen, Tankwagen, Eisenbahnkesselwaggons und sonstigen Lagereinrictungen.\" \/>\n<meta property=\"og:url\" content=\"https:\/\/wlt.nl\/de\/\" \/>\n<meta property=\"og:site_name\" content=\"WLT\" \/>\n<meta property=\"article:modified_time\" content=\"2020-09-23T11:55:56+00:00\" \/>\n<meta name=\"twitter:card\" content=\"summary_large_image\" \/>\n<script type=\"application\/ld+json\" class=\"yoast-schema-graph\">{\"@context\":\"https:\\\/\\\/schema.org\",\"@graph\":[{\"@type\":\"WebPage\",\"@id\":\"https:\\\/\\\/wlt.nl\\\/de\\\/\",\"url\":\"https:\\\/\\\/wlt.nl\\\/de\\\/\",\"name\":\"WLT | Lieferant von Verlade- und Absturzsicherungsapparaturen\",\"isPartOf\":{\"@id\":\"https:\\\/\\\/wlt.nl\\\/de\\\/#website\"},\"datePublished\":\"2020-01-31T07:52:48+00:00\",\"dateModified\":\"2020-09-23T11:55:56+00:00\",\"description\":\"WLT liquid & gas loading technology B.V. ist ein Hersteller von Apparaturen f\u00fcr die Verladung von Fl\u00fcssigkeiten und Gasen von Schiffen, Tankwagen, Eisenbahnkesselwaggons und sonstigen Lagereinrictungen.\",\"breadcrumb\":{\"@id\":\"https:\\\/\\\/wlt.nl\\\/de\\\/#breadcrumb\"},\"inLanguage\":\"de-DE\",\"potentialAction\":[{\"@type\":\"ReadAction\",\"target\":[\"https:\\\/\\\/wlt.nl\\\/de\\\/\"]}]},{\"@type\":\"BreadcrumbList\",\"@id\":\"https:\\\/\\\/wlt.nl\\\/de\\\/#breadcrumb\",\"itemListElement\":[{\"@type\":\"ListItem\",\"position\":1,\"name\":\"Home\",\"item\":\"https:\\\/\\\/wlt.nl\\\/de\\\/\"},{\"@type\":\"ListItem\",\"position\":2,\"name\":\"Homepage\"}]},{\"@type\":\"WebSite\",\"@id\":\"https:\\\/\\\/wlt.nl\\\/de\\\/#website\",\"url\":\"https:\\\/\\\/wlt.nl\\\/de\\\/\",\"name\":\"WLT\",\"description\":\"WLT liquid &amp; gas loading technology B.V.\",\"potentialAction\":[{\"@type\":\"SearchAction\",\"target\":{\"@type\":\"EntryPoint\",\"urlTemplate\":\"https:\\\/\\\/wlt.nl\\\/de\\\/?s={search_term_string}\"},\"query-input\":{\"@type\":\"PropertyValueSpecification\",\"valueRequired\":true,\"valueName\":\"search_term_string\"}}],\"inLanguage\":\"de-DE\"}]}<\/script>\n<!-- \/ Yoast SEO plugin. -->","yoast_head_json":{"title":"WLT | Lieferant von Verlade- und Absturzsicherungsapparaturen","description":"WLT liquid & gas loading technology B.V. ist ein Hersteller von Apparaturen f\u00fcr die Verladung von Fl\u00fcssigkeiten und Gasen von Schiffen, Tankwagen, Eisenbahnkesselwaggons und sonstigen Lagereinrictungen.","robots":{"index":"index","follow":"follow","max-snippet":"max-snippet:-1","max-image-preview":"max-image-preview:large","max-video-preview":"max-video-preview:-1"},"canonical":"https:\/\/wlt.nl\/de\/","og_locale":"de_DE","og_type":"article","og_title":"WLT | Lieferant von Verlade- und Absturzsicherungsapparaturen","og_description":"WLT liquid & gas loading technology B.V. ist ein Hersteller von Apparaturen f\u00fcr die Verladung von Fl\u00fcssigkeiten und Gasen von Schiffen, Tankwagen, Eisenbahnkesselwaggons und sonstigen Lagereinrictungen.","og_url":"https:\/\/wlt.nl\/de\/","og_site_name":"WLT","article_modified_time":"2020-09-23T11:55:56+00:00","twitter_card":"summary_large_image","schema":{"@context":"https:\/\/schema.org","@graph":[{"@type":"WebPage","@id":"https:\/\/wlt.nl\/de\/","url":"https:\/\/wlt.nl\/de\/","name":"WLT | Lieferant von Verlade- und Absturzsicherungsapparaturen","isPartOf":{"@id":"https:\/\/wlt.nl\/de\/#website"},"datePublished":"2020-01-31T07:52:48+00:00","dateModified":"2020-09-23T11:55:56+00:00","description":"WLT liquid & gas loading technology B.V. ist ein Hersteller von Apparaturen f\u00fcr die Verladung von Fl\u00fcssigkeiten und Gasen von Schiffen, Tankwagen, Eisenbahnkesselwaggons und sonstigen Lagereinrictungen.","breadcrumb":{"@id":"https:\/\/wlt.nl\/de\/#breadcrumb"},"inLanguage":"de-DE","potentialAction":[{"@type":"ReadAction","target":["https:\/\/wlt.nl\/de\/"]}]},{"@type":"BreadcrumbList","@id":"https:\/\/wlt.nl\/de\/#breadcrumb","itemListElement":[{"@type":"ListItem","position":1,"name":"Home","item":"https:\/\/wlt.nl\/de\/"},{"@type":"ListItem","position":2,"name":"Homepage"}]},{"@type":"WebSite","@id":"https:\/\/wlt.nl\/de\/#website","url":"https:\/\/wlt.nl\/de\/","name":"WLT","description":"WLT liquid &amp; gas loading technology B.V.","potentialAction":[{"@type":"SearchAction","target":{"@type":"EntryPoint","urlTemplate":"https:\/\/wlt.nl\/de\/?s={search_term_string}"},"query-input":{"@type":"PropertyValueSpecification","valueRequired":true,"valueName":"search_term_string"}}],"inLanguage":"de-DE"}]}},"_links":{"self":[{"href":"https:\/\/wlt.nl\/de\/wp-json\/wp\/v2\/pages\/2339","targetHints":{"allow":["GET"]}}],"collection":[{"href":"https:\/\/wlt.nl\/de\/wp-json\/wp\/v2\/pages"}],"about":[{"href":"https:\/\/wlt.nl\/de\/wp-json\/wp\/v2\/types\/page"}],"author":[{"embeddable":true,"href":"https:\/\/wlt.nl\/de\/wp-json\/wp\/v2\/users\/3"}],"replies":[{"embeddable":true,"href":"https:\/\/wlt.nl\/de\/wp-json\/wp\/v2\/comments?post=2339"}],"version-history":[{"count":3,"href":"https:\/\/wlt.nl\/de\/wp-json\/wp\/v2\/pages\/2339\/revisions"}],"predecessor-version":[{"id":2342,"href":"https:\/\/wlt.nl\/de\/wp-json\/wp\/v2\/pages\/2339\/revisions\/2342"}],"wp:attachment":[{"href":"https:\/\/wlt.nl\/de\/wp-json\/wp\/v2\/media?parent=2339"}],"curies":[{"name":"wp","href":"https:\/\/api.w.org\/{rel}","templated":true}]}}