{"id":2414,"date":"2019-10-17T09:42:10","date_gmt":"2019-10-17T09:42:10","guid":{"rendered":"https:\/\/wlt.nl\/services\/"},"modified":"2020-09-23T11:31:28","modified_gmt":"2020-09-23T11:31:28","slug":"dienstleistungen","status":"publish","type":"page","link":"https:\/\/wlt.nl\/de\/dienstleistungen\/","title":{"rendered":"Dienstleistungen"},"content":{"rendered":"    <div class=\"scroll-further scrollfix\"><i class=\"fas fa-chevron-down\"><\/i><\/div>\n<section class=\"head-section  fullwidth\">\n\n    <div class=\"head-section-content container\">\n        <div class=\"row\">\n            <div class=\"col-12 col-md-7 animated fadeInUp\">\n                <div class=\"has-animation animation-ltr\" data-delay=\"00\">\n                    <h2 class=\"display-2\">Dienstleistungen<\/h2>\n                <\/div>\n                                <div class=\"w-100\"><\/div>\n                <div class=\"has-animation animation-rtl\" data-delay=\"50\">\n                    <h1>Unser Kundenservice ist jederzeit f\u00fcr Sie da<\/h1>\n                <\/div>\n            <\/div>\n                        <div class=\"d-none d-md-inline col-3 offset-xl-2 animated fadeInUp\">\n                <ul class=\"navigation-context\">\n                                            <li><a href=\"#instandhaltung\">Instandhaltung<\/a><\/li>\n                                            <li><a href=\"#uberholung\">\u00dcberholung<\/a><\/li>\n                                            <li><a href=\"#reparatur\">Reparatur<\/a><\/li>\n                                    <\/ul>\n            <\/div>\n                    <\/div>\n    <\/div>\n    <div class=\"head-section-image radius-xl\">\n                <img decoding=\"async\" src=\"https:\/\/wlt.nl\/wp-content\/uploads\/cached_images\/1440x810\/2019\/10\/wlt-services-onderhouden.jpg\" alt=\"\" class=\" w-100\">\n    <\/div>\n    <div class=\"head-section-intro container\">\n        <p class=\"lead\"><p>Wir verf\u00fcgen \u00fcber eine professionelle VCA-zertifizierte Dienstleistungsorganisation f\u00fcr die Ausf\u00fchrung von Inspektionen, Wartung und Reparaturen vor Ort, nicht nur f\u00fcr eigene Ger\u00e4te, sondern auch f\u00fcr Ger\u00e4te anderer Hersteller. Die Dienstleistungsingenieure sind 24 Stunden am Tag zum L\u00f6sen von Problemen und bei Notf\u00e4llen verf\u00fcgbar.<\/p>\n<p>\u00dcberholungen von Schiffsverladeausr\u00fcstungen, Lkw- und Kesselwaggonverladearmen, Klapptreppen und Absturzsicherungen werden im Werk in Bergambacht durchgef\u00fchrt.<\/p>\n<\/p>\n    <\/div>\n<\/section>\n\n\n<a name='instandhaltung'><\/a>\n<section class=\"fullwidth \">\n    <div class=\"container\" id=\"whoweare\">\n        <div class=\"row d-flex align-items-center\">\n            <div class=\"col-12 col-md-5 col-lg-6\">\n                                <img decoding=\"async\" src=\"https:\/\/wlt.nl\/wp-content\/uploads\/cached_images\/500x500\/2020\/01\/wlt-valbeveiliging-zee-bordesse.jpg\" alt=\"\" class=\"w-100\">\n            <\/div>\n            <div class=\"col-12 col-md-7 col-lg-6 py-2\">\n                <div class=\"has-animation animation-ltr display-1\" data-delay=\"50\">\n                    <h1>Service vor Ort<\/h1><\/div>\n                <h1>Instandhaltung<\/h1>\n                <p>Regelm\u00e4\u00dfige Inspektionen und (pr\u00e4ventive) Wartung bilden die Grundlage f\u00fcr betriebssichere Verladeausr\u00fcstungen. Auf Vertragsbasis f\u00fchren wir j\u00e4hrliche Inspektionen vor Ort durch, um den Zustand der Ausr\u00fcstung zu kontrollieren und, falls notwendig, Wartungsarbeiten auszuf\u00fchren. Die Ergebnisse der Untersuchung sowie eventuelle Wartungsarbeiten werden in einem Inspektionsbericht festgehalten. Auf Wunsch \u00fcbernehmen wir auch das gesamte Wartungsmanagement.<\/p>\n<p>Wir f\u00fchren Inspektionen und Wartung sowohl an eigenen Verladeausr\u00fcstungen als auch an Ausr\u00fcstungen anderer Hersteller durch. Dazu geh\u00f6ren Klapptreppen und Absturzsicherung, Lkw- und Kesselwaggonverladearme sowie Schiffsverladeausr\u00fcstungen.<\/p>\n                            <\/div>\n        <\/div>\n    <\/div>\n<\/section>\n\n\n<a name='uberholung'><\/a>\n<section class=\"fullwidth bg-white\">\n    <div class=\"container\" id=\"whoweare\">\n        <div class=\"row d-flex align-items-center\">\n            <div class=\"col-12 col-md-5 col-lg-6\">\n                                <img decoding=\"async\" src=\"https:\/\/wlt.nl\/wp-content\/uploads\/cached_images\/500x500\/2019\/10\/wlt-revision-revisies.jpg\" alt=\"\" class=\"w-100\">\n            <\/div>\n            <div class=\"col-12 col-md-7 col-lg-6 py-2\">\n                <div class=\"has-animation animation-ltr display-1\" data-delay=\"50\">\n                    <h1>So gut wie neu<\/h1><\/div>\n                <h1>\u00dcberholung<\/h1>\n                <p>In bestimmten F\u00e4llen, entweder aus Kostengr\u00fcnden oder im Hinblick auf die Verf\u00fcgbarkeit der Ger\u00e4te, kann eine Genaral\u00fcberholung eine g\u00fcnstige Alternative zur Anschaffung neuer Verladeausr\u00fcstungen darstellen. In unserer Werkstatt in Bergambacht wird die Ausr\u00fcstung vollst\u00e4ndig demontiert, inspiziert und gepr\u00fcft. Verschlissene oder defekte Teile werden ersetzt. Wir k\u00fcmmern uns auch um die Montage\/Demontage der Ausr\u00fcstung und den Transport.<\/p>\n<p>Wir f\u00fchren solche \u00dcberholungen sowohl f\u00fcr eigene Verladeausr\u00fcstung als auch f\u00fcr Ausr\u00fcstungen anderer Hersteller durch. Dazu geh\u00f6ren Klapptreppen und Absturzsicherung, Lkw- und Kesselwaggonverladearme sowie Schiffsverladeausr\u00fcstungen.<\/p>\n                            <\/div>\n        <\/div>\n    <\/div>\n<\/section>\n\n\n<a name='reparatur'><\/a>\n<section class=\"fullwidth \">\n    <div class=\"container\" id=\"whoweare\">\n        <div class=\"row d-flex align-items-center\">\n            <div class=\"col-12 col-md-5 col-lg-6\">\n                                <img decoding=\"async\" src=\"https:\/\/wlt.nl\/wp-content\/uploads\/cached_images\/500x500\/2020\/01\/wlt-onderhoud-op-locatie.jpg\" alt=\"\" class=\"w-100\">\n            <\/div>\n            <div class=\"col-12 col-md-7 col-lg-6 py-2\">\n                <div class=\"has-animation animation-ltr display-1\" data-delay=\"50\">\n                    <h1>Au\u00dferhalb unserer Werkstatt<\/h1><\/div>\n                <h1>Reparatur<\/h1>\n                <p>Wir verf\u00fcgen \u00fcber einen 24-Stundendienst f\u00fcr die Ausf\u00fchrung von Reparaturen in Notf\u00e4llen. Die Reparaturen werden sowohl vor Ort als auch in der Werkstatt in Bergambacht ausgef\u00fchrt. In letzterem Fall k\u00fcmmern wir uns auch um die Montage\/Demontage der Ausr\u00fcstung und den Transport.<\/p>\n<p>Wir f\u00fchren Reparaturen sowohl an eigenen Verladeausr\u00fcstungen als auch an Ausr\u00fcstungen anderer Hersteller durch. Dazu geh\u00f6ren Klapptreppen und Absturzsicherung, Lkw- und Kesselwaggonverladearme sowie Schiffsverladeausr\u00fcstungen.<\/p>\n                            <\/div>\n        <\/div>\n    <\/div>\n<\/section>\n\n\n<section class=\"fullwidth bg-white radius-xl radius-bottom pl-md-5 py-4 \">\n    <div class=\"container\">\n        <div class=\"row\">\n            <div class=\"col-md-9 col-8 pt-md-2 pl-md-5\">\n                <div class=\"has-animation animation-ltr display-1 \" data-delay=\"50\"><h1>Wir helfen weiter, egal was passiert<\/h1><\/div>\n                <div class=\"font-weight-bold\" data-delay=\"50\">\n                    <p class=\"text-weight-bold display-3\">Nehmen Sie Kontakt mit unserem Kundendienst auf<\/p>\n                    <a href=\"tel:+31 (0) 182 35 44 40\" class=\"text-decoration-none\"><p class=\"display-2 text-gray-6\">+31 (0) 182 35 44 40<\/p><\/a>\n                    <a href=\"mailto:service@wlt.nl\" class=\"text-decoration-none\"><p class=\"display-2 text-gray-6\">service@wlt.nl<\/p><\/a>\n                <\/div>\n            <\/div>\n            <div class=\"col-md-3 col-4 order-md-first pt-2 pt-md-0\">\n                                <div class=\"mt-sm-2 mb-2 mr-3 \"><img decoding=\"async\" src=\"https:\/\/wlt.nl\/wp-content\/themes\/wlt\/assets\/images\/icon-installation.svg\" class=\"w-100\"><\/div>\n            <\/div>\n        <\/div>\n    <\/div>\n<\/section>\n\n\n\n<section class=\"container \" id=\"whychooseus\">\n    <div class=\"row\">\n        <div class=\"col text-center\">\n            <div class=\"has-animation animation-ltr display-1\">\n                <h1 class=\"display-1\">Unsere Werte<\/h1>\n            <\/div>\n            <h1>Warum WLT?<\/h1>\n        <\/div>\n    <\/div>\n    <div class=\"row\">\n        <div class=\"accordion\" id=\"accordion\">\n                        <div class=\"card\">\n                <h5 class=\"accordion-title \" type=\"button\" data-toggle=\"collapse\" data-target=\"#collapse2426\" aria-expanded=\"true\" aria-controls=\"collapse2426\" id=\"heading2426\">\n                    Made in Holland                <\/h5>\n                <div id=\"collapse2426\" class=\"collapse show\" aria-labelledby=\"heading2426\" data-parent=\"#accordion\">\n                    <div class=\"card-body\">\n                        <p>Sie k\u00f6nnen bei WLT eine ur-holl\u00e4ndische Mentalit\u00e4t erwarten: Geradeheraus, \u00c4rmel hochkrempeln und Pioniergeist. Keine Herausforderung ist uns zu verr\u00fcckt. Wir setzen auf unsere eigene St\u00e4rke und sorgen damit f\u00fcr Qualit\u00e4t und eine Full-Service-Behandlung.<\/p>\n                    <\/div>\n                <\/div>\n            <\/div>\n                        <div class=\"card\">\n                <h5 class=\"accordion-title collapsed\" type=\"button\" data-toggle=\"collapse\" data-target=\"#collapse2429\" aria-expanded=\"false\" aria-controls=\"collapse2429\" id=\"heading2429\">\n                    Ma\u00dfgeschneidert                <\/h5>\n                <div id=\"collapse2429\" class=\"collapse \" aria-labelledby=\"heading2429\" data-parent=\"#accordion\">\n                    <div class=\"card-body\">\n                        <p>Ihre W\u00fcnsche stehen bei WLT im Mittelpunkt. Sie erhalten keine Werkproduktion, sondern ein ma\u00dfgeschneidertes Produkt, das Ihren W\u00fcnschen entspricht.<\/p>\n                    <\/div>\n                <\/div>\n            <\/div>\n                        <div class=\"card\">\n                <h5 class=\"accordion-title collapsed\" type=\"button\" data-toggle=\"collapse\" data-target=\"#collapse2430\" aria-expanded=\"false\" aria-controls=\"collapse2430\" id=\"heading2430\">\n                    Vom Anfang bis zum Ende                <\/h5>\n                <div id=\"collapse2430\" class=\"collapse \" aria-labelledby=\"heading2430\" data-parent=\"#accordion\">\n                    <div class=\"card-body\">\n                        <p>Wir sind vom Anfang bis zum Ende einbezogen. Die Ingenieure erstellen die Konstruktionszeichnungen und unser technisches ausf\u00fchrendes Team realisiert Schritt f\u00fcr Schritt das Endprodukt. Dar\u00fcber hinaus k\u00fcmmern wir uns auch um die Montage, Instandhaltung und Pr\u00fcfung der Apparatur und unterst\u00fctzen bei der L\u00f6sung anderer technischer Fragen im Rahmen unseres Fachgebietes.<\/p>\n                    <\/div>\n                <\/div>\n            <\/div>\n                        <div class=\"card\">\n                <h5 class=\"accordion-title collapsed\" type=\"button\" data-toggle=\"collapse\" data-target=\"#collapse2431\" aria-expanded=\"false\" aria-controls=\"collapse2431\" id=\"heading2431\">\n                    Pers\u00f6nlicher Kontakt nach Fertigstellung                <\/h5>\n                <div id=\"collapse2431\" class=\"collapse \" aria-labelledby=\"heading2431\" data-parent=\"#accordion\">\n                    <div class=\"card-body\">\n                        <p>Auch nach der Montage sind wir f\u00fcr Sie da. Einmal im (Halb-)Jahr besuchen wir Sie, um Ihre Apparatur zu pr\u00fcfen. Aber auch Reparaturen und \u00dcberholungen nehmen wir problemlos auf uns. Wir gehen nicht weg, bis alles in Ordnung ist.<\/p>\n                    <\/div>\n                <\/div>\n            <\/div>\n                        <div class=\"card\">\n                <h5 class=\"accordion-title collapsed\" type=\"button\" data-toggle=\"collapse\" data-target=\"#collapse2432\" aria-expanded=\"false\" aria-controls=\"collapse2432\" id=\"heading2432\">\n                    Soziale Verantwortung                <\/h5>\n                <div id=\"collapse2432\" class=\"collapse \" aria-labelledby=\"heading2432\" data-parent=\"#accordion\">\n                    <div class=\"card-body\">\n                        <p>Wir achten auf gute Arbeitsbedingungen. Ihr Personal muss auf ergonomische und arbeitsschutzorientierte Weise mit unserer Apparatur arbeiten k\u00f6nnen. Dies wird im Entwurf unserer Techniker immer mitber\u00fccksichtigt.<\/p>\n                    <\/div>\n                <\/div>\n            <\/div>\n            \n        <\/div>\n<\/section>\n","protected":false},"excerpt":{"rendered":"","protected":false},"author":1,"featured_media":0,"parent":0,"menu_order":0,"comment_status":"closed","ping_status":"closed","template":"","meta":{"_acf_changed":false,"_exactmetrics_skip_tracking":false,"_exactmetrics_sitenote_active":false,"_exactmetrics_sitenote_note":"","_exactmetrics_sitenote_category":0,"footnotes":""},"class_list":["post-2414","page","type-page","status-publish","hentry"],"acf":[],"yoast_head":"<!-- This site is optimized with the Yoast SEO plugin v27.3 - https:\/\/yoast.com\/product\/yoast-seo-wordpress\/ -->\n<title>Unsere Serviceabteilung ist immer f\u00fcr Sie da | WLT<\/title>\n<meta name=\"description\" content=\"Wir haben eine professionelle SCC-zertifizierte Serviceorganisation f\u00fcr Inspektionen, Wartungen und Reparaturen vor Ort.\" \/>\n<meta name=\"robots\" content=\"index, follow, max-snippet:-1, max-image-preview:large, max-video-preview:-1\" \/>\n<link rel=\"canonical\" href=\"https:\/\/wlt.nl\/de\/dienstleistungen\/\" \/>\n<meta property=\"og:locale\" content=\"de_DE\" \/>\n<meta property=\"og:type\" content=\"article\" \/>\n<meta property=\"og:title\" content=\"Unsere Serviceabteilung ist immer f\u00fcr Sie da | WLT\" \/>\n<meta property=\"og:description\" content=\"Wir haben eine professionelle SCC-zertifizierte Serviceorganisation f\u00fcr Inspektionen, Wartungen und Reparaturen vor Ort.\" \/>\n<meta property=\"og:url\" content=\"https:\/\/wlt.nl\/de\/dienstleistungen\/\" \/>\n<meta property=\"og:site_name\" content=\"WLT\" \/>\n<meta property=\"article:modified_time\" content=\"2020-09-23T11:31:28+00:00\" \/>\n<meta name=\"twitter:card\" content=\"summary_large_image\" \/>\n<script type=\"application\/ld+json\" class=\"yoast-schema-graph\">{\"@context\":\"https:\\\/\\\/schema.org\",\"@graph\":[{\"@type\":\"WebPage\",\"@id\":\"https:\\\/\\\/wlt.nl\\\/de\\\/dienstleistungen\\\/\",\"url\":\"https:\\\/\\\/wlt.nl\\\/de\\\/dienstleistungen\\\/\",\"name\":\"Unsere Serviceabteilung ist immer f\u00fcr Sie da | WLT\",\"isPartOf\":{\"@id\":\"https:\\\/\\\/wlt.nl\\\/de\\\/#website\"},\"datePublished\":\"2019-10-17T09:42:10+00:00\",\"dateModified\":\"2020-09-23T11:31:28+00:00\",\"description\":\"Wir haben eine professionelle SCC-zertifizierte Serviceorganisation f\u00fcr Inspektionen, Wartungen und Reparaturen vor Ort.\",\"breadcrumb\":{\"@id\":\"https:\\\/\\\/wlt.nl\\\/de\\\/dienstleistungen\\\/#breadcrumb\"},\"inLanguage\":\"de-DE\",\"potentialAction\":[{\"@type\":\"ReadAction\",\"target\":[\"https:\\\/\\\/wlt.nl\\\/de\\\/dienstleistungen\\\/\"]}]},{\"@type\":\"BreadcrumbList\",\"@id\":\"https:\\\/\\\/wlt.nl\\\/de\\\/dienstleistungen\\\/#breadcrumb\",\"itemListElement\":[{\"@type\":\"ListItem\",\"position\":1,\"name\":\"Home\",\"item\":\"https:\\\/\\\/wlt.nl\\\/de\\\/\"},{\"@type\":\"ListItem\",\"position\":2,\"name\":\"Dienstleistungen\"}]},{\"@type\":\"WebSite\",\"@id\":\"https:\\\/\\\/wlt.nl\\\/de\\\/#website\",\"url\":\"https:\\\/\\\/wlt.nl\\\/de\\\/\",\"name\":\"WLT\",\"description\":\"WLT liquid &amp; gas loading technology B.V.\",\"potentialAction\":[{\"@type\":\"SearchAction\",\"target\":{\"@type\":\"EntryPoint\",\"urlTemplate\":\"https:\\\/\\\/wlt.nl\\\/de\\\/?s={search_term_string}\"},\"query-input\":{\"@type\":\"PropertyValueSpecification\",\"valueRequired\":true,\"valueName\":\"search_term_string\"}}],\"inLanguage\":\"de-DE\"}]}<\/script>\n<!-- \/ Yoast SEO plugin. -->","yoast_head_json":{"title":"Unsere Serviceabteilung ist immer f\u00fcr Sie da | WLT","description":"Wir haben eine professionelle SCC-zertifizierte Serviceorganisation f\u00fcr Inspektionen, Wartungen und Reparaturen vor Ort.","robots":{"index":"index","follow":"follow","max-snippet":"max-snippet:-1","max-image-preview":"max-image-preview:large","max-video-preview":"max-video-preview:-1"},"canonical":"https:\/\/wlt.nl\/de\/dienstleistungen\/","og_locale":"de_DE","og_type":"article","og_title":"Unsere Serviceabteilung ist immer f\u00fcr Sie da | WLT","og_description":"Wir haben eine professionelle SCC-zertifizierte Serviceorganisation f\u00fcr Inspektionen, Wartungen und Reparaturen vor Ort.","og_url":"https:\/\/wlt.nl\/de\/dienstleistungen\/","og_site_name":"WLT","article_modified_time":"2020-09-23T11:31:28+00:00","twitter_card":"summary_large_image","schema":{"@context":"https:\/\/schema.org","@graph":[{"@type":"WebPage","@id":"https:\/\/wlt.nl\/de\/dienstleistungen\/","url":"https:\/\/wlt.nl\/de\/dienstleistungen\/","name":"Unsere Serviceabteilung ist immer f\u00fcr Sie da | WLT","isPartOf":{"@id":"https:\/\/wlt.nl\/de\/#website"},"datePublished":"2019-10-17T09:42:10+00:00","dateModified":"2020-09-23T11:31:28+00:00","description":"Wir haben eine professionelle SCC-zertifizierte Serviceorganisation f\u00fcr Inspektionen, Wartungen und Reparaturen vor Ort.","breadcrumb":{"@id":"https:\/\/wlt.nl\/de\/dienstleistungen\/#breadcrumb"},"inLanguage":"de-DE","potentialAction":[{"@type":"ReadAction","target":["https:\/\/wlt.nl\/de\/dienstleistungen\/"]}]},{"@type":"BreadcrumbList","@id":"https:\/\/wlt.nl\/de\/dienstleistungen\/#breadcrumb","itemListElement":[{"@type":"ListItem","position":1,"name":"Home","item":"https:\/\/wlt.nl\/de\/"},{"@type":"ListItem","position":2,"name":"Dienstleistungen"}]},{"@type":"WebSite","@id":"https:\/\/wlt.nl\/de\/#website","url":"https:\/\/wlt.nl\/de\/","name":"WLT","description":"WLT liquid &amp; gas loading technology B.V.","potentialAction":[{"@type":"SearchAction","target":{"@type":"EntryPoint","urlTemplate":"https:\/\/wlt.nl\/de\/?s={search_term_string}"},"query-input":{"@type":"PropertyValueSpecification","valueRequired":true,"valueName":"search_term_string"}}],"inLanguage":"de-DE"}]}},"_links":{"self":[{"href":"https:\/\/wlt.nl\/de\/wp-json\/wp\/v2\/pages\/2414","targetHints":{"allow":["GET"]}}],"collection":[{"href":"https:\/\/wlt.nl\/de\/wp-json\/wp\/v2\/pages"}],"about":[{"href":"https:\/\/wlt.nl\/de\/wp-json\/wp\/v2\/types\/page"}],"author":[{"embeddable":true,"href":"https:\/\/wlt.nl\/de\/wp-json\/wp\/v2\/users\/1"}],"replies":[{"embeddable":true,"href":"https:\/\/wlt.nl\/de\/wp-json\/wp\/v2\/comments?post=2414"}],"version-history":[{"count":4,"href":"https:\/\/wlt.nl\/de\/wp-json\/wp\/v2\/pages\/2414\/revisions"}],"predecessor-version":[{"id":2464,"href":"https:\/\/wlt.nl\/de\/wp-json\/wp\/v2\/pages\/2414\/revisions\/2464"}],"wp:attachment":[{"href":"https:\/\/wlt.nl\/de\/wp-json\/wp\/v2\/media?parent=2414"}],"curies":[{"name":"wp","href":"https:\/\/api.w.org\/{rel}","templated":true}]}}