{"id":2711,"date":"2019-10-08T09:11:24","date_gmt":"2019-10-08T09:11:24","guid":{"rendered":"https:\/\/wlt.nl\/homepage\/"},"modified":"2021-07-05T07:45:24","modified_gmt":"2021-07-05T07:45:24","slug":"homepage","status":"publish","type":"page","link":"https:\/\/wlt.nl\/fr\/","title":{"rendered":"Accueil"},"content":{"rendered":"<section class=\"head-section fullwidth \">\n   <div class=\"head-section-video\">\n      <div class=\"container\">\n         <div class=\"row\">\n            <div class=\"col-12\">\n            <h1 class=\"text-left text-white\">Fournisseur des \u00e9quipements de chargement et de protection antichute<\/h1>\n            <a class=\"play-btn\" data-fancybox href=\"https:\/\/vimeo.com\/668605387\"><i class=\"fas fa-play\"><\/i><\/a>\n            <\/div>\n         <\/div>\n      <\/div>\n      <iframe loading=\"lazy\" src=\"https:\/\/player.vimeo.com\/video\/668615964?background=1&#038;autoplay=1&#038;loop=1&#038;byline=0&#038;title=0controls=0\" width=\"640\" height=\"360\" frameborder=\"0\" allow=\"autoplay; fullscreen\" webkitallowfullscreen mozallowfullscreen allowfullscreen><\/iframe>\n      <div class=\"iframe-overlay\"><\/div>\n\n      <div class=\"scroll-further scrollfix\"><i class=\"fas fa-chevron-down\"><\/i><\/div>\n   <\/div>\n   <div class=\"head-section-intro container\">\n      <p class=\"lead\"><p>WLT liquid &amp; gas loading technology B.V. fabrique des \u00e9quipements de pointe pour le chargement de liquides et de gaz dans des navires, camions-citernes, wagons et autres (plus petits) moyens de stockage. Pour garantir \u00e9galement la s\u00e9curit\u00e9 de l&#8217;op\u00e9rateur et du conducteur lors du chargement sur les camions-citernes et wagons, nous avons en outre d\u00e9velopp\u00e9 un ensemble complet de syst\u00e8mes de protection antichute.<\/p>\n<\/p>\n   <\/div>\n<\/section>\n\n\n\n<section class=\"fullwidth \">\n    <div class=\"container\" id=\"whoweare\">\n        <div class=\"row d-flex align-items-center\">\n            <div class=\"col-12 col-md-5 col-lg-6\">\n                                <img decoding=\"async\" src=\"https:\/\/wlt.nl\/wp-content\/uploads\/cached_images\/500x500\/2019\/10\/wlt-werkplaats-1.jpg\" alt=\"\" class=\"w-100\">\n            <\/div>\n            <div class=\"col-12 col-md-7 col-lg-6 py-2\">\n                <div class=\"has-animation animation-ltr display-1\" data-delay=\"50\">\n                    <h1>Nos activit\u00e9s<\/h1><\/div>\n                <h1>L\u2019ensemble complet sous un m\u00eame toit<\/h1>\n                <p>WLT est une entreprise de services complets dans le domaine des \u00e9quipements de chargement et de protection antichute. Nous sommes \u00e0 l&#8217;\u00e9coute de vos souhaits et r\u00e9alisons sur cette base une conception sur mesure. Nous assurons \u00e9galement la production, le montage et la maintenance. Nous sommes pr\u00e9cis et fiables. Les solutions sur mesure, la durabilit\u00e9 et l&#8217;innovation sont au c\u0153ur de nos priorit\u00e9s.<\/p>\n                                <a href=\"https:\/\/wlt.nl\/fr\/over-ons-2\/\"\n                   class=\"btn btn-secondary\">Voir plus<\/a>\n                            <\/div>\n        <\/div>\n    <\/div>\n<\/section>\n\n\n<section class=\"bg-image fullwidth tekst-zwart\">\n    <div class=\"container\">\n        <div class=\"row pt-5 pb-2\">\n            <div class=\"col-12 col-md-6 text-white pt-5\">\n                <h1>Bras de chargement marine <\/h1>\n                <p class=\"display-2 mb-2\">Pour le chargement et le d\u00e9chargement des navires<\/p>\n                                    <a href=\"https:\/\/wlt.nl\/fr\/products\/bras-de-chargement-marin\/\"\n                       class=\"btn btn-secondary\">bras de chargement marin<\/a>\n                            <\/div>\n        <\/div>\n    <\/div>\n    <div class=\"bg-image-fixed\" style=\"background-image: url('https:\/\/wlt.nl\/wp-content\/uploads\/cached_images\/1440x810\/2020\/01\/wlt-bergamacht-tankerverlading-scaled.jpg')\"><\/div>\n<\/section>\n\n\n\n<p class=\"lead\">WLT liquid &amp; gas loading technology B.V. fabrique des \u00e9quipements de pointe pour le chargement de liquides et de gaz dans des navires, camions-citernes, wagons et autres (plus petits) moyens de stockage. Pour garantir \u00e9galement la s\u00e9curit\u00e9 de l&#8217;op\u00e9rateur et du conducteur lors du chargement sur les camions-citernes et wagons, nous avons en outre d\u00e9velopp\u00e9 un ensemble complet de syst\u00e8mes de protection antichute.<\/p>\n\n\n\n<section class=\"off-canvas-bg-wrapper fullwidth  \">\n    <div class=\"container\" id=\"off-canvas-bg-home\">\n        <div class=\"row\">\n                                                    <div class=\"col-12 col-md-6 py-5 off-canvas-bg-image-left\">\n                <h2 class=\"text-white\">Dans les coulisses<\/h2>\n                <p class=\"display-2 mb-2 text-white\">professionnels sobres<\/p>\n                <a href=\"https:\/\/wlt.nl\/fr\/over-ons-2\/\" class=\"btn btn-secondary\">Voir plus<\/a>\n            <\/div>\n                                <\/div>\n    <\/div>\n<\/section>\n\n\n\n<section class=\"fullwidth \">\n    <div class=\"container\" id=\"whoweare\">\n        <div class=\"row d-flex align-items-center\">\n            <div class=\"col-12 col-md-5 col-lg-6\">\n                                <img decoding=\"async\" src=\"https:\/\/wlt.nl\/wp-content\/uploads\/cached_images\/500x500\/2020\/01\/valbeveiliging-wlt-bergambacht.jpg\" alt=\"\" class=\"w-100\">\n            <\/div>\n            <div class=\"col-12 col-md-7 col-lg-6 py-2\">\n                <div class=\"has-animation animation-ltr display-1\" data-delay=\"50\">\n                    <h1>Protection antichute<\/h1><\/div>\n                <h1>Travailler en toute s\u00e9curit\u00e9 sur un camion-citerne ou wagon<\/h1>\n                <p>Pour garantir la s\u00e9curit\u00e9 de vos employ\u00e9s, nous avons \u00e9labor\u00e9 un ensemble complet de syst\u00e8mes de protection antichute, permettant de travailler en toute s\u00e9curit\u00e9 sur un camion-citerne ou wagon. Tous nos \u00e9quipements sont con\u00e7us sp\u00e9cifiquement pour vos besoins et votre environnement de travail.<\/p>\n                                <a href=\"https:\/\/wlt.nl\/fr\/escalier-abattant\/\"\n                   class=\"btn btn-secondary\">nos escaliers abattants et \u00e9quipements de protection antichute<\/a>\n                            <\/div>\n        <\/div>\n    <\/div>\n<\/section>\n\n\n\n<section class=\"bg-image skyline-overlay fullwidth \">\n    <div class=\"container py-5\">\n        <div class=\"row pb-2 py-5\">\n            <div class=\"col-12 col-md-6 text-white px-3 pt-3 bg-white-opacity mx-auto radius-sm\">\n                <h1 class=\"text-primary opacity-10\">Exemples de projets <\/h1>\n                <p class=\"display-3 mb-2 text-primary\">Des projets dont nous sommes fiers<\/p>\n                <a href=\"https:\/\/wlt.nl\/fr\/applications\/\" class=\"btn btn-secondary mb--2\">Voir nos projets<\/a>\n            <\/div>\n        <\/div>\n    <\/div>\n        <div class=\"bg-image-fixed\" style=\"background-image: url('https:\/\/wlt.nl\/wp-content\/uploads\/cached_images\/1440x810\/2019\/10\/wlt-home-acces-technology-1.jpg')\"><\/div>\n<\/section>\n","protected":false},"excerpt":{"rendered":"<p>WLT liquid &amp; gas loading technology B.V. fabrique des \u00e9quipements de pointe pour le chargement de liquides et de gaz dans des navires, camions-citernes, wagons et autres (plus petits) moyens de stockage. Pour garantir \u00e9galement la s\u00e9curit\u00e9 de l&#8217;op\u00e9rateur et du conducteur lors du chargement sur les camions-citernes et wagons, nous avons en outre d\u00e9velopp\u00e9 [&hellip;]<\/p>\n","protected":false},"author":1,"featured_media":0,"parent":0,"menu_order":0,"comment_status":"closed","ping_status":"closed","template":"","meta":{"_acf_changed":false,"_exactmetrics_skip_tracking":false,"_exactmetrics_sitenote_active":false,"_exactmetrics_sitenote_note":"","_exactmetrics_sitenote_category":0,"footnotes":""},"class_list":["post-2711","page","type-page","status-publish","hentry"],"acf":[],"yoast_head":"<!-- This site is optimized with the Yoast SEO plugin v27.3 - https:\/\/yoast.com\/product\/yoast-seo-wordpress\/ -->\n<title>WLT | Leverancier van verladings- en valbeveiligingsapparatuur<\/title>\n<meta name=\"description\" content=\"WLT liquid &amp; gas loading technology maakt apparatuur voor het verladen van vloeistoffen &amp; gassen schepen, tankwagens, treinwagons en andere opslagmiddelen.\" \/>\n<meta name=\"robots\" content=\"index, follow, max-snippet:-1, max-image-preview:large, max-video-preview:-1\" \/>\n<link rel=\"canonical\" href=\"https:\/\/wlt.nl\/fr\/\" \/>\n<meta property=\"og:locale\" content=\"fr_FR\" \/>\n<meta property=\"og:type\" content=\"article\" \/>\n<meta property=\"og:title\" content=\"WLT | Leverancier van verladings- en valbeveiligingsapparatuur\" \/>\n<meta property=\"og:description\" content=\"WLT liquid &amp; gas loading technology maakt apparatuur voor het verladen van vloeistoffen &amp; gassen schepen, tankwagens, treinwagons en andere opslagmiddelen.\" \/>\n<meta property=\"og:url\" content=\"https:\/\/wlt.nl\/fr\/\" \/>\n<meta property=\"og:site_name\" content=\"WLT\" \/>\n<meta property=\"article:modified_time\" content=\"2021-07-05T07:45:24+00:00\" \/>\n<meta name=\"twitter:card\" content=\"summary_large_image\" \/>\n<meta name=\"twitter:label1\" content=\"Est. reading time\" \/>\n\t<meta name=\"twitter:data1\" content=\"1 minute\" \/>\n<script type=\"application\/ld+json\" class=\"yoast-schema-graph\">{\"@context\":\"https:\\\/\\\/schema.org\",\"@graph\":[{\"@type\":\"WebPage\",\"@id\":\"https:\\\/\\\/wlt.nl\\\/fr\\\/\",\"url\":\"https:\\\/\\\/wlt.nl\\\/fr\\\/\",\"name\":\"WLT | Leverancier van verladings- en valbeveiligingsapparatuur\",\"isPartOf\":{\"@id\":\"https:\\\/\\\/wlt.nl\\\/de\\\/#website\"},\"datePublished\":\"2019-10-08T09:11:24+00:00\",\"dateModified\":\"2021-07-05T07:45:24+00:00\",\"description\":\"WLT liquid & gas loading technology maakt apparatuur voor het verladen van vloeistoffen & gassen schepen, tankwagens, treinwagons en andere opslagmiddelen.\",\"breadcrumb\":{\"@id\":\"https:\\\/\\\/wlt.nl\\\/fr\\\/#breadcrumb\"},\"inLanguage\":\"fr-FR\",\"potentialAction\":[{\"@type\":\"ReadAction\",\"target\":[\"https:\\\/\\\/wlt.nl\\\/fr\\\/\"]}]},{\"@type\":\"BreadcrumbList\",\"@id\":\"https:\\\/\\\/wlt.nl\\\/fr\\\/#breadcrumb\",\"itemListElement\":[{\"@type\":\"ListItem\",\"position\":1,\"name\":\"Home\",\"item\":\"https:\\\/\\\/wlt.nl\\\/fr\\\/\"},{\"@type\":\"ListItem\",\"position\":2,\"name\":\"Accueil\"}]},{\"@type\":\"WebSite\",\"@id\":\"https:\\\/\\\/wlt.nl\\\/de\\\/#website\",\"url\":\"https:\\\/\\\/wlt.nl\\\/de\\\/\",\"name\":\"WLT\",\"description\":\"WLT liquid &amp; gas loading technology B.V.\",\"potentialAction\":[{\"@type\":\"SearchAction\",\"target\":{\"@type\":\"EntryPoint\",\"urlTemplate\":\"https:\\\/\\\/wlt.nl\\\/de\\\/?s={search_term_string}\"},\"query-input\":{\"@type\":\"PropertyValueSpecification\",\"valueRequired\":true,\"valueName\":\"search_term_string\"}}],\"inLanguage\":\"fr-FR\"}]}<\/script>\n<!-- \/ Yoast SEO plugin. -->","yoast_head_json":{"title":"WLT | Leverancier van verladings- en valbeveiligingsapparatuur","description":"WLT liquid & gas loading technology maakt apparatuur voor het verladen van vloeistoffen & gassen schepen, tankwagens, treinwagons en andere opslagmiddelen.","robots":{"index":"index","follow":"follow","max-snippet":"max-snippet:-1","max-image-preview":"max-image-preview:large","max-video-preview":"max-video-preview:-1"},"canonical":"https:\/\/wlt.nl\/fr\/","og_locale":"fr_FR","og_type":"article","og_title":"WLT | Leverancier van verladings- en valbeveiligingsapparatuur","og_description":"WLT liquid & gas loading technology maakt apparatuur voor het verladen van vloeistoffen & gassen schepen, tankwagens, treinwagons en andere opslagmiddelen.","og_url":"https:\/\/wlt.nl\/fr\/","og_site_name":"WLT","article_modified_time":"2021-07-05T07:45:24+00:00","twitter_card":"summary_large_image","twitter_misc":{"Est. reading time":"1 minute"},"schema":{"@context":"https:\/\/schema.org","@graph":[{"@type":"WebPage","@id":"https:\/\/wlt.nl\/fr\/","url":"https:\/\/wlt.nl\/fr\/","name":"WLT | Leverancier van verladings- en valbeveiligingsapparatuur","isPartOf":{"@id":"https:\/\/wlt.nl\/de\/#website"},"datePublished":"2019-10-08T09:11:24+00:00","dateModified":"2021-07-05T07:45:24+00:00","description":"WLT liquid & gas loading technology maakt apparatuur voor het verladen van vloeistoffen & gassen schepen, tankwagens, treinwagons en andere opslagmiddelen.","breadcrumb":{"@id":"https:\/\/wlt.nl\/fr\/#breadcrumb"},"inLanguage":"fr-FR","potentialAction":[{"@type":"ReadAction","target":["https:\/\/wlt.nl\/fr\/"]}]},{"@type":"BreadcrumbList","@id":"https:\/\/wlt.nl\/fr\/#breadcrumb","itemListElement":[{"@type":"ListItem","position":1,"name":"Home","item":"https:\/\/wlt.nl\/fr\/"},{"@type":"ListItem","position":2,"name":"Accueil"}]},{"@type":"WebSite","@id":"https:\/\/wlt.nl\/de\/#website","url":"https:\/\/wlt.nl\/de\/","name":"WLT","description":"WLT liquid &amp; gas loading technology B.V.","potentialAction":[{"@type":"SearchAction","target":{"@type":"EntryPoint","urlTemplate":"https:\/\/wlt.nl\/de\/?s={search_term_string}"},"query-input":{"@type":"PropertyValueSpecification","valueRequired":true,"valueName":"search_term_string"}}],"inLanguage":"fr-FR"}]}},"_links":{"self":[{"href":"https:\/\/wlt.nl\/fr\/wp-json\/wp\/v2\/pages\/2711","targetHints":{"allow":["GET"]}}],"collection":[{"href":"https:\/\/wlt.nl\/fr\/wp-json\/wp\/v2\/pages"}],"about":[{"href":"https:\/\/wlt.nl\/fr\/wp-json\/wp\/v2\/types\/page"}],"author":[{"embeddable":true,"href":"https:\/\/wlt.nl\/fr\/wp-json\/wp\/v2\/users\/1"}],"replies":[{"embeddable":true,"href":"https:\/\/wlt.nl\/fr\/wp-json\/wp\/v2\/comments?post=2711"}],"version-history":[{"count":9,"href":"https:\/\/wlt.nl\/fr\/wp-json\/wp\/v2\/pages\/2711\/revisions"}],"predecessor-version":[{"id":2788,"href":"https:\/\/wlt.nl\/fr\/wp-json\/wp\/v2\/pages\/2711\/revisions\/2788"}],"wp:attachment":[{"href":"https:\/\/wlt.nl\/fr\/wp-json\/wp\/v2\/media?parent=2711"}],"curies":[{"name":"wp","href":"https:\/\/api.w.org\/{rel}","templated":true}]}}