{"id":2712,"date":"2019-10-17T09:42:10","date_gmt":"2019-10-17T09:42:10","guid":{"rendered":"https:\/\/wlt.nl\/services\/"},"modified":"2021-07-05T07:53:42","modified_gmt":"2021-07-05T07:53:42","slug":"services","status":"publish","type":"page","link":"https:\/\/wlt.nl\/fr\/services\/","title":{"rendered":"Services"},"content":{"rendered":"    <div class=\"scroll-further scrollfix\"><i class=\"fas fa-chevron-down\"><\/i><\/div>\n<section class=\"head-section  fullwidth\">\n\n    <div class=\"head-section-content container\">\n        <div class=\"row\">\n            <div class=\"col-12 col-md-7 animated fadeInUp\">\n                <div class=\"has-animation animation-ltr\" data-delay=\"00\">\n                    <h2 class=\"display-2\">Services<\/h2>\n                <\/div>\n                                <div class=\"w-100\"><\/div>\n                <div class=\"has-animation animation-rtl\" data-delay=\"50\">\n                    <h1>Notre d\u00e9partement de service se tient toujours \u00e0 votre disposition<\/h1>\n                <\/div>\n            <\/div>\n                        <div class=\"d-none d-md-inline col-3 offset-xl-2 animated fadeInUp\">\n                <ul class=\"navigation-context\">\n                                            <li><a href=\"#onderhoud\">Maintenance<\/a><\/li>\n                                            <li><a href=\"#revisie\">R\u00e9vision<\/a><\/li>\n                                            <li><a href=\"#reparatie\">R\u00e9paration<\/a><\/li>\n                                    <\/ul>\n            <\/div>\n                    <\/div>\n    <\/div>\n    <div class=\"head-section-image radius-xl\">\n                <img decoding=\"async\" src=\"https:\/\/wlt.nl\/wp-content\/uploads\/cached_images\/1440x810\/2019\/10\/wlt-services-onderhouden.jpg\" alt=\"\" class=\" w-100\">\n    <\/div>\n    <div class=\"head-section-intro container\">\n        <p class=\"lead\"><p>Nous disposons d&#8217;une organisation de service professionnelle certifi\u00e9e VCA pour effectuer des inspections, travaux de maintenance et r\u00e9parations sur place, non seulement pour nos propres \u00e9quipements mais aussi ceux d&#8217;autres fabricants.<\/p>\n<p>Les ing\u00e9nieurs de service se tiennent \u00e0 votre disposition 24 heures sur 24 pour r\u00e9soudre les pannes et calamit\u00e9s.<\/p>\n<p>Les r\u00e9visions des \u00e9quipements de transbordement de navires, des bras de chargement de camions et de trains, des escaliers pliants et des protections antichute sont effectu\u00e9es dans l&#8217;atelier de Bergambacht.<\/p>\n<\/p>\n    <\/div>\n<\/section>\n\n\n<a name='onderhoud'><\/a>\n<section class=\"fullwidth \">\n    <div class=\"container\" id=\"whoweare\">\n        <div class=\"row d-flex align-items-center\">\n            <div class=\"col-12 col-md-5 col-lg-6\">\n                                <img decoding=\"async\" src=\"https:\/\/wlt.nl\/wp-content\/uploads\/cached_images\/500x500\/2020\/01\/wlt-valbeveiliging-zee-bordesse.jpg\" alt=\"\" class=\"w-100\">\n            <\/div>\n            <div class=\"col-12 col-md-7 col-lg-6 py-2\">\n                <div class=\"has-animation animation-ltr display-1\" data-delay=\"50\">\n                    <h1>Service sur site<\/h1><\/div>\n                <h1>Maintenance<\/h1>\n                <p>L&#8217;inspection p\u00e9riodique et l&#8217;entretien (pr\u00e9ventif) forment la base d&#8217;un \u00e9quipement de transbordement fiable et s\u00fbr.<\/p>\n<p>Nous effectuons des inspections annuelles sur site, sur une base contractuelle, pour contr\u00f4ler l&#8217;\u00e9tat des \u00e9quipements et effectuer la maintenance si n\u00e9cessaire. Les r\u00e9sultats de l&#8217;examen et les \u00e9ventuels travaux de maintenance sont consign\u00e9s dans un rapport d&#8217;inspection. Si vous le souhaitez, nous pouvons \u00e9galement vous d\u00e9charger de toute la gestion de la maintenance.<\/p>\n<p>Nous assurons l&#8217;inspection et l&#8217;entretien de nos propres \u00e9quipements de transbordement ainsi que des \u00e9quipements d\u2019autres fabricants.<\/p>\n<p>Cela comprend les escaliers pliants et la protection antichute, les bras de chargement de camions et de trains, ainsi que les \u00e9quipements de transbordement de navires.<\/p>\n                            <\/div>\n        <\/div>\n    <\/div>\n<\/section>\n\n\n<a name='revisie'><\/a>\n<section class=\"fullwidth bg-white\">\n    <div class=\"container\" id=\"whoweare\">\n        <div class=\"row d-flex align-items-center\">\n            <div class=\"col-12 col-md-5 col-lg-6\">\n                                <img decoding=\"async\" src=\"https:\/\/wlt.nl\/wp-content\/uploads\/cached_images\/500x500\/2019\/10\/wlt-revision-revisies.jpg\" alt=\"\" class=\"w-100\">\n            <\/div>\n            <div class=\"col-12 col-md-7 col-lg-6 py-2\">\n                <div class=\"has-animation animation-ltr display-1\" data-delay=\"50\">\n                    <h1>Comme neuf<\/h1><\/div>\n                <h1>R\u00e9vision<\/h1>\n                <p>Dans certains cas, la r\u00e9vision peut constituer une alternative int\u00e9ressante \u00e0 l&#8217;achat de nouveaux \u00e9quipements de transbordement, soit pour des raisons de co\u00fbt, soit en raison de la disponibilit\u00e9 des \u00e9quipements. Dans notre atelier de Bergambacht, les appareils sont enti\u00e8rement d\u00e9mont\u00e9s, inspect\u00e9s et test\u00e9s.Les pi\u00e8ces us\u00e9es ou d\u00e9fectueuses sont remplac\u00e9es. Nous assurons \u00e9galement le (d\u00e9)montage des \u00e9quipements et le transport.<\/p>\n<p>Nous effectuons ces r\u00e9visions aussi bien pour nos propres \u00e9quipements de transbordement que pour les \u00e9quipements d&#8217;autres fabricants. Cela comprend les escaliers pliants et la protection antichute, les bras de chargement de camions et de trains, ainsi que les \u00e9quipements de transbordement de navires.<\/p>\n                            <\/div>\n        <\/div>\n    <\/div>\n<\/section>\n\n\n<a name='\u00c0 l'ext\u00e9rieur de notre atelier'><\/a>\n<section class=\"fullwidth \">\n    <div class=\"container\" id=\"whoweare\">\n        <div class=\"row d-flex align-items-center\">\n            <div class=\"col-12 col-md-5 col-lg-6\">\n                                <img decoding=\"async\" src=\"https:\/\/wlt.nl\/wp-content\/uploads\/cached_images\/500x500\/2020\/01\/wlt-onderhoud-op-locatie.jpg\" alt=\"\" class=\"w-100\">\n            <\/div>\n            <div class=\"col-12 col-md-7 col-lg-6 py-2\">\n                <div class=\"has-animation animation-ltr display-1\" data-delay=\"50\">\n                    <h1>\u00c0 l&#8217;ext\u00e9rieur de notre atelier<\/h1><\/div>\n                <h1>R\u00e9paration<\/h1>\n                <p>Nous disposons d&#8217;un service 24 heures sur 24 pour effectuer des r\u00e9parations en cas de calamit\u00e9s. Les r\u00e9parations sont effectu\u00e9es aussi bien sur place que dans l&#8217;atelier de Bergambacht. Dans ce dernier cas, nous assurons \u00e9galement le (d\u00e9)montage des \u00e9quipements et le transport.<\/p>\n<p>Nous effectuons des r\u00e9parations aussi bien pour nos propres \u00e9quipements de transbordement que pour les \u00e9quipements d&#8217;autres fabricants. Cela comprend les escaliers pliants et la protection antichute, les bras de chargement de camions et de trains, ainsi que les \u00e9quipements de transbordement de navires.<\/p>\n                            <\/div>\n        <\/div>\n    <\/div>\n<\/section>\n\n\n<section class=\"fullwidth bg-white radius-xl radius-bottom pl-md-5 py-4 \">\n    <div class=\"container\">\n        <div class=\"row\">\n            <div class=\"col-md-9 col-8 pt-md-2 pl-md-5\">\n                <div class=\"has-animation animation-ltr display-1 \" data-delay=\"50\"><h1>Nous aidons quoi qu&#8217;il arrive<\/h1><\/div>\n                <div class=\"font-weight-bold\" data-delay=\"50\">\n                    <p class=\"text-weight-bold display-3\">Contactez notre d\u00e9partement de service<\/p>\n                    <a href=\"tel:+31 (0) 182 35 44 40\" class=\"text-decoration-none\"><p class=\"display-2 text-gray-6\">+31 (0) 182 35 44 40<\/p><\/a>\n                    <a href=\"mailto:service@wlt.nl\" class=\"text-decoration-none\"><p class=\"display-2 text-gray-6\">service@wlt.nl<\/p><\/a>\n                <\/div>\n            <\/div>\n            <div class=\"col-md-3 col-4 order-md-first pt-2 pt-md-0\">\n                                <div class=\"mt-sm-2 mb-2 mr-3 \"><img decoding=\"async\" src=\"https:\/\/wlt.nl\/wp-content\/themes\/wlt\/assets\/images\/icon-installation.svg\" class=\"w-100\"><\/div>\n            <\/div>\n        <\/div>\n    <\/div>\n<\/section>\n\n\n\n<section class=\"container \" id=\"whychooseus\">\n    <div class=\"row\">\n        <div class=\"col text-center\">\n            <div class=\"has-animation animation-ltr display-1\">\n                <h1 class=\"display-1\">Nos valeurs<\/h1>\n            <\/div>\n            <h1>Pourquoi WLT ?<\/h1>\n        <\/div>\n    <\/div>\n    <div class=\"row\">\n        <div class=\"accordion\" id=\"accordion\">\n                        <div class=\"card\">\n                <h5 class=\"accordion-title \" type=\"button\" data-toggle=\"collapse\" data-target=\"#collapse2701\" aria-expanded=\"true\" aria-controls=\"collapse2701\" id=\"heading2701\">\n                    Responsabilit\u00e9 sociale                <\/h5>\n                <div id=\"collapse2701\" class=\"collapse show\" aria-labelledby=\"heading2701\" data-parent=\"#accordion\">\n                    <div class=\"card-body\">\n                        <p>Nous veillons \u00e0 de bonnes conditions de travail. Votre personnel doit pouvoir travailler avec nos \u00e9quipements de fa\u00e7on ergonomique et respectueuse de la sant\u00e9 et de la s\u00e9curit\u00e9. Lors de la conception, nos ing\u00e9nieurs en tiennent toujours compte.<\/p>\n                    <\/div>\n                <\/div>\n            <\/div>\n                        <div class=\"card\">\n                <h5 class=\"accordion-title collapsed\" type=\"button\" data-toggle=\"collapse\" data-target=\"#collapse2700\" aria-expanded=\"false\" aria-controls=\"collapse2700\" id=\"heading2700\">\n                    Suivi personnel                <\/h5>\n                <div id=\"collapse2700\" class=\"collapse \" aria-labelledby=\"heading2700\" data-parent=\"#accordion\">\n                    <div class=\"card-body\">\n                        <p>Apr\u00e8s le montage, nous restons toujours \u00e0 votre disposition. Tous les ans ou semestres, nous venons effectuer un contr\u00f4le des \u00e9quipements. Mais nous nous chargeons aussi sans probl\u00e8me des r\u00e9parations et r\u00e9visions. Nous ne partons que lorsque tout fonctionne parfaitement.<\/p>\n                    <\/div>\n                <\/div>\n            <\/div>\n                        <div class=\"card\">\n                <h5 class=\"accordion-title collapsed\" type=\"button\" data-toggle=\"collapse\" data-target=\"#collapse2698\" aria-expanded=\"false\" aria-controls=\"collapse2698\" id=\"heading2698\">\n                    Du d\u00e9but \u00e0 la fin                <\/h5>\n                <div id=\"collapse2698\" class=\"collapse \" aria-labelledby=\"heading2698\" data-parent=\"#accordion\">\n                    <div class=\"card-body\">\n                        <p>Nous sommes impliqu\u00e9s du d\u00e9but \u00e0 la fin. Les ing\u00e9nieurs esquissent la conception et notre \u00e9quipe de r\u00e9alisation technique ex\u00e9cute le produit fini \u00e9tape par \u00e9tape. Par ailleurs, nous nous chargeons \u00e9galement du montage, de la maintenance et de la r\u00e9vision des \u00e9quipements et vous aidons volontiers \u00e0 r\u00e9soudre d&#8217;autres probl\u00e8mes techniques dans notre domaine.<\/p>\n                    <\/div>\n                <\/div>\n            <\/div>\n                        <div class=\"card\">\n                <h5 class=\"accordion-title collapsed\" type=\"button\" data-toggle=\"collapse\" data-target=\"#collapse2697\" aria-expanded=\"false\" aria-controls=\"collapse2697\" id=\"heading2697\">\n                    Sur mesure                <\/h5>\n                <div id=\"collapse2697\" class=\"collapse \" aria-labelledby=\"heading2697\" data-parent=\"#accordion\">\n                    <div class=\"card-body\">\n                        <p>Vos souhaits sont au c\u0153ur des priorit\u00e9s de WLT. Chez nous, pas de production \u00e0 la cha\u00eene, mais un produit sur mesure qui r\u00e9pond \u00e0 vos besoins.<\/p>\n                    <\/div>\n                <\/div>\n            <\/div>\n                        <div class=\"card\">\n                <h5 class=\"accordion-title collapsed\" type=\"button\" data-toggle=\"collapse\" data-target=\"#collapse2696\" aria-expanded=\"false\" aria-controls=\"collapse2696\" id=\"heading2696\">\n                    Made in Holland                <\/h5>\n                <div id=\"collapse2696\" class=\"collapse \" aria-labelledby=\"heading2696\" data-parent=\"#accordion\">\n                    <div class=\"card-body\">\n                        <p>Attendez-vous \u00e0 une approche vraiment hollandaise chez WLT : franche, efficace et pionni\u00e8re. Nous ne reculons devant aucun d\u00e9fi. Nous comptons sur notre propre force et garantissons ainsi la qualit\u00e9 et un service int\u00e9gral.<\/p>\n                    <\/div>\n                <\/div>\n            <\/div>\n            \n        <\/div>\n<\/section>\n","protected":false},"excerpt":{"rendered":"","protected":false},"author":1,"featured_media":0,"parent":0,"menu_order":0,"comment_status":"closed","ping_status":"closed","template":"","meta":{"_acf_changed":false,"_exactmetrics_skip_tracking":false,"_exactmetrics_sitenote_active":false,"_exactmetrics_sitenote_note":"","_exactmetrics_sitenote_category":0,"footnotes":""},"class_list":["post-2712","page","type-page","status-publish","hentry"],"acf":[],"yoast_head":"<!-- This site is optimized with the Yoast SEO plugin v27.3 - https:\/\/yoast.com\/product\/yoast-seo-wordpress\/ -->\n<title>Onze Service-afdeling Staat Altijd Voor u Klaar | WLT<\/title>\n<meta name=\"description\" content=\"Wij beschikken over een professionele VCA-gecertificeerde service organisatie voor het uitvoeren van inspecties, onderhoud en reparaties op locatie.\" \/>\n<meta name=\"robots\" content=\"index, follow, max-snippet:-1, max-image-preview:large, max-video-preview:-1\" \/>\n<link rel=\"canonical\" href=\"https:\/\/wlt.nl\/fr\/services\/\" \/>\n<meta property=\"og:locale\" content=\"fr_FR\" \/>\n<meta property=\"og:type\" content=\"article\" \/>\n<meta property=\"og:title\" content=\"Onze Service-afdeling Staat Altijd Voor u Klaar | WLT\" \/>\n<meta property=\"og:description\" content=\"Wij beschikken over een professionele VCA-gecertificeerde service organisatie voor het uitvoeren van inspecties, onderhoud en reparaties op locatie.\" \/>\n<meta property=\"og:url\" content=\"https:\/\/wlt.nl\/fr\/services\/\" \/>\n<meta property=\"og:site_name\" content=\"WLT\" \/>\n<meta property=\"article:modified_time\" content=\"2021-07-05T07:53:42+00:00\" \/>\n<meta name=\"twitter:card\" content=\"summary_large_image\" \/>\n<script type=\"application\/ld+json\" class=\"yoast-schema-graph\">{\"@context\":\"https:\\\/\\\/schema.org\",\"@graph\":[{\"@type\":\"WebPage\",\"@id\":\"https:\\\/\\\/wlt.nl\\\/fr\\\/services\\\/\",\"url\":\"https:\\\/\\\/wlt.nl\\\/fr\\\/services\\\/\",\"name\":\"Onze Service-afdeling Staat Altijd Voor u Klaar | WLT\",\"isPartOf\":{\"@id\":\"https:\\\/\\\/wlt.nl\\\/de\\\/#website\"},\"datePublished\":\"2019-10-17T09:42:10+00:00\",\"dateModified\":\"2021-07-05T07:53:42+00:00\",\"description\":\"Wij beschikken over een professionele VCA-gecertificeerde service organisatie voor het uitvoeren van inspecties, onderhoud en reparaties op locatie.\",\"breadcrumb\":{\"@id\":\"https:\\\/\\\/wlt.nl\\\/fr\\\/services\\\/#breadcrumb\"},\"inLanguage\":\"fr-FR\",\"potentialAction\":[{\"@type\":\"ReadAction\",\"target\":[\"https:\\\/\\\/wlt.nl\\\/fr\\\/services\\\/\"]}]},{\"@type\":\"BreadcrumbList\",\"@id\":\"https:\\\/\\\/wlt.nl\\\/fr\\\/services\\\/#breadcrumb\",\"itemListElement\":[{\"@type\":\"ListItem\",\"position\":1,\"name\":\"Home\",\"item\":\"https:\\\/\\\/wlt.nl\\\/fr\\\/\"},{\"@type\":\"ListItem\",\"position\":2,\"name\":\"Services\"}]},{\"@type\":\"WebSite\",\"@id\":\"https:\\\/\\\/wlt.nl\\\/de\\\/#website\",\"url\":\"https:\\\/\\\/wlt.nl\\\/de\\\/\",\"name\":\"WLT\",\"description\":\"WLT liquid &amp; gas loading technology B.V.\",\"potentialAction\":[{\"@type\":\"SearchAction\",\"target\":{\"@type\":\"EntryPoint\",\"urlTemplate\":\"https:\\\/\\\/wlt.nl\\\/de\\\/?s={search_term_string}\"},\"query-input\":{\"@type\":\"PropertyValueSpecification\",\"valueRequired\":true,\"valueName\":\"search_term_string\"}}],\"inLanguage\":\"fr-FR\"}]}<\/script>\n<!-- \/ Yoast SEO plugin. -->","yoast_head_json":{"title":"Onze Service-afdeling Staat Altijd Voor u Klaar | WLT","description":"Wij beschikken over een professionele VCA-gecertificeerde service organisatie voor het uitvoeren van inspecties, onderhoud en reparaties op locatie.","robots":{"index":"index","follow":"follow","max-snippet":"max-snippet:-1","max-image-preview":"max-image-preview:large","max-video-preview":"max-video-preview:-1"},"canonical":"https:\/\/wlt.nl\/fr\/services\/","og_locale":"fr_FR","og_type":"article","og_title":"Onze Service-afdeling Staat Altijd Voor u Klaar | WLT","og_description":"Wij beschikken over een professionele VCA-gecertificeerde service organisatie voor het uitvoeren van inspecties, onderhoud en reparaties op locatie.","og_url":"https:\/\/wlt.nl\/fr\/services\/","og_site_name":"WLT","article_modified_time":"2021-07-05T07:53:42+00:00","twitter_card":"summary_large_image","schema":{"@context":"https:\/\/schema.org","@graph":[{"@type":"WebPage","@id":"https:\/\/wlt.nl\/fr\/services\/","url":"https:\/\/wlt.nl\/fr\/services\/","name":"Onze Service-afdeling Staat Altijd Voor u Klaar | WLT","isPartOf":{"@id":"https:\/\/wlt.nl\/de\/#website"},"datePublished":"2019-10-17T09:42:10+00:00","dateModified":"2021-07-05T07:53:42+00:00","description":"Wij beschikken over een professionele VCA-gecertificeerde service organisatie voor het uitvoeren van inspecties, onderhoud en reparaties op locatie.","breadcrumb":{"@id":"https:\/\/wlt.nl\/fr\/services\/#breadcrumb"},"inLanguage":"fr-FR","potentialAction":[{"@type":"ReadAction","target":["https:\/\/wlt.nl\/fr\/services\/"]}]},{"@type":"BreadcrumbList","@id":"https:\/\/wlt.nl\/fr\/services\/#breadcrumb","itemListElement":[{"@type":"ListItem","position":1,"name":"Home","item":"https:\/\/wlt.nl\/fr\/"},{"@type":"ListItem","position":2,"name":"Services"}]},{"@type":"WebSite","@id":"https:\/\/wlt.nl\/de\/#website","url":"https:\/\/wlt.nl\/de\/","name":"WLT","description":"WLT liquid &amp; gas loading technology B.V.","potentialAction":[{"@type":"SearchAction","target":{"@type":"EntryPoint","urlTemplate":"https:\/\/wlt.nl\/de\/?s={search_term_string}"},"query-input":{"@type":"PropertyValueSpecification","valueRequired":true,"valueName":"search_term_string"}}],"inLanguage":"fr-FR"}]}},"_links":{"self":[{"href":"https:\/\/wlt.nl\/fr\/wp-json\/wp\/v2\/pages\/2712","targetHints":{"allow":["GET"]}}],"collection":[{"href":"https:\/\/wlt.nl\/fr\/wp-json\/wp\/v2\/pages"}],"about":[{"href":"https:\/\/wlt.nl\/fr\/wp-json\/wp\/v2\/types\/page"}],"author":[{"embeddable":true,"href":"https:\/\/wlt.nl\/fr\/wp-json\/wp\/v2\/users\/1"}],"replies":[{"embeddable":true,"href":"https:\/\/wlt.nl\/fr\/wp-json\/wp\/v2\/comments?post=2712"}],"version-history":[{"count":7,"href":"https:\/\/wlt.nl\/fr\/wp-json\/wp\/v2\/pages\/2712\/revisions"}],"predecessor-version":[{"id":2783,"href":"https:\/\/wlt.nl\/fr\/wp-json\/wp\/v2\/pages\/2712\/revisions\/2783"}],"wp:attachment":[{"href":"https:\/\/wlt.nl\/fr\/wp-json\/wp\/v2\/media?parent=2712"}],"curies":[{"name":"wp","href":"https:\/\/api.w.org\/{rel}","templated":true}]}}